{"id":266,"date":"2025-09-25T04:53:13","date_gmt":"2025-09-25T04:53:13","guid":{"rendered":"https:\/\/safeecotour.com.br\/reservas\/?post_type=product&#038;p=266"},"modified":"2026-03-27T14:45:12","modified_gmt":"2026-03-27T14:45:12","slug":"trilha-cachoeira-do-elefante","status":"publish","type":"product","link":"https:\/\/safeecotour.com.br\/reservas\/produto\/trilha-cachoeira-do-elefante\/","title":{"rendered":"Trilha Cachoeira do Elefante"},"content":{"rendered":"<p data-start=\"115\" data-end=\"333\">Prepare-se para um dia de aventura no cora\u00e7\u00e3o da Serra do Mar! A trilha leva at\u00e9 a <strong data-start=\"198\" data-end=\"233\">imponente Cachoeira do Elefante<\/strong>, a maior da regi\u00e3o, passando por paisagens incr\u00edveis e trechos da hist\u00f3rica <strong data-start=\"310\" data-end=\"330\">Rota do Com\u00e9rcio<\/strong>.<br \/>\nNo caminho, voc\u00ea vai atravessar o <strong data-start=\"369\" data-end=\"386\">Rio Itapanha\u00fa<\/strong> com apoio dos monitores e caminhar em meio \u00e0 exuberante Mata Atl\u00e2ntica at\u00e9 chegar na queda d\u2019\u00e1gua deslumbrante.<br \/>\nO retorno pode ser pelo mesmo trajeto ou pela <strong data-start=\"548\" data-end=\"572\">Trilha do Vale Verde<\/strong>, margeando o rio em dire\u00e7\u00e3o \u00e0 plan\u00edcie litor\u00e2nea.<br \/>\n\ud83c\udf3f Um passeio inesquec\u00edvel para quem busca contato direto com a natureza e um banho revigorante em uma das cachoeiras mais impressionantes do litoral paulista!<\/p>\n<div style=\"display: grid; grid-template-columns: 1fr 1fr; gap: 12px;\">\n<div style=\"background: #f9fafb; padding: 10px; border-radius: 6px;\">\n<h4 style=\"margin: 0 0 6px;\">\ud83d\udccd Informa\u00e7\u00f5es<\/h4>\n<p>Local: Parque Estadual Serra do Mar<br \/>\nExtens\u00e3o: 3 km &#8211; Via Mirante \/ 11 km &#8211; Via Vale Verde<br \/>\n(Verificar disponibilidade do trajeto)<br \/>\nIdade m\u00ednima: 5 anos<br \/>\nDificuldade: Moderada\/Dif\u00edcil<\/p>\n<h3 style=\"margin-top: 14px;\">\ud83c\udf92 O que levar<\/h3>\n<ul style=\"padding-left: 20px;\">\n<li>Obrigat\u00f3rio: Cal\u00e7ado fechado<\/li>\n<li>Vestimenta: roupas leves e resistentes<\/li>\n<li>Mochila: \u00e1gua, lanche, repelente, roupa de banho, toalha, blusa, capa de chuva, rem\u00e9dios, celular carregado<\/li>\n<\/ul>\n<\/div>\n<div style=\"background: #f9fafb; padding: 10px; border-radius: 6px;\">\n<h4 style=\"margin: 0 0 6px;\">\u23f0 Hor\u00e1rios<\/h4>\n<p><b>S\u00e1bados e Domingos<\/b><br \/>\nDevido a log\u00edstica do atrativo, os hor\u00e1rios de in\u00edcio podem variar das 8h00 at\u00e9 as 11h00<\/p>\n<p><span style=\"color: #993300;\"><strong>Para reservas de segunda-feira a sexta-feira<\/strong><\/span><br \/>\n<span style=\"color: #993300;\"><strong>consulte pelo whatsapp (13) 99667-4334<\/strong><\/span><\/p>\n<\/div>\n<\/div>\n","protected":false},"excerpt":{"rendered":"<p><strong>Incluso na reserva:<\/strong><br \/>\n<span style=\"color: #339966;\">\u2714\ufe0e<\/span>\u00a02 Guias Monitores Ambientais<br \/>\n<span style=\"color: #339966;\">\u2714\ufe0e<\/span> Seguro Aventura<br \/>\n<span style=\"color: #339966;\">\u2714\ufe0e<\/span> Cadastro do ingresso<br \/>\n<span style=\"color: #339966;\">\u2714\ufe0e<\/span> Equipamentos obrigat\u00f3rios<\/p>\n<p><span style=\"color: #993300;\"><strong>Para reservas de segunda-feira a sexta-feira<\/strong><\/span><br \/>\n<span style=\"color: #993300;\"><strong>consulte pelo whatsapp (13) 99667-4334<\/strong><\/span><\/p>\n","protected":false},"featured_media":326,"template":"","meta":{"site-sidebar-layout":"default","site-content-layout":"","ast-site-content-layout":"default","site-content-style":"default","site-sidebar-style":"default","ast-global-header-display":"","ast-banner-title-visibility":"","ast-main-header-display":"","ast-hfb-above-header-display":"","ast-hfb-below-header-display":"","ast-hfb-mobile-header-display":"","site-post-title":"","ast-breadcrumbs-content":"","ast-featured-img":"","footer-sml-layout":"","theme-transparent-header-meta":"default","adv-header-id-meta":"","stick-header-meta":"","header-above-stick-meta":"","header-main-stick-meta":"","header-below-stick-meta":"","astra-migrate-meta-layouts":"set","ast-page-background-enabled":"default","ast-page-background-meta":{"desktop":{"background-color":"var(--ast-global-color-5)","background-image":"","background-repeat":"repeat","background-position":"center center","background-size":"auto","background-attachment":"scroll","background-type":"","background-media":"","overlay-type":"","overlay-color":"","overlay-opacity":"","overlay-gradient":""},"tablet":{"background-color":"","background-image":"","background-repeat":"repeat","background-position":"center center","background-size":"auto","background-attachment":"scroll","background-type":"","background-media":"","overlay-type":"","overlay-color":"","overlay-opacity":"","overlay-gradient":""},"mobile":{"background-color":"","background-image":"","background-repeat":"repeat","background-position":"center center","background-size":"auto","background-attachment":"scroll","background-type":"","background-media":"","overlay-type":"","overlay-color":"","overlay-opacity":"","overlay-gradient":""}},"ast-content-background-meta":{"desktop":{"background-color":"var(--ast-global-color-4)","background-image":"","background-repeat":"repeat","background-position":"center center","background-size":"auto","background-attachment":"scroll","background-type":"","background-media":"","overlay-type":"","overlay-color":"","overlay-opacity":"","overlay-gradient":""},"tablet":{"background-color":"var(--ast-global-color-4)","background-image":"","background-repeat":"repeat","background-position":"center center","background-size":"auto","background-attachment":"scroll","background-type":"","background-media":"","overlay-type":"","overlay-color":"","overlay-opacity":"","overlay-gradient":""},"mobile":{"background-color":"var(--ast-global-color-4)","background-image":"","background-repeat":"repeat","background-position":"center center","background-size":"auto","background-attachment":"scroll","background-type":"","background-media":"","overlay-type":"","overlay-color":"","overlay-opacity":"","overlay-gradient":""}}},"product_brand":[],"product_cat":[17],"product_tag":[],"class_list":{"0":"post-266","1":"product","2":"type-product","3":"status-publish","4":"has-post-thumbnail","6":"product_cat-verao-2026","7":"desktop-align-left","8":"tablet-align-left","9":"mobile-align-left","11":"first","12":"instock","13":"virtual","14":"sold-individually","15":"purchasable","16":"product-type-booking"},"_links":{"self":[{"href":"https:\/\/safeecotour.com.br\/reservas\/wp-json\/wp\/v2\/product\/266","targetHints":{"allow":["GET"]}}],"collection":[{"href":"https:\/\/safeecotour.com.br\/reservas\/wp-json\/wp\/v2\/product"}],"about":[{"href":"https:\/\/safeecotour.com.br\/reservas\/wp-json\/wp\/v2\/types\/product"}],"wp:featuredmedia":[{"embeddable":true,"href":"https:\/\/safeecotour.com.br\/reservas\/wp-json\/wp\/v2\/media\/326"}],"wp:attachment":[{"href":"https:\/\/safeecotour.com.br\/reservas\/wp-json\/wp\/v2\/media?parent=266"}],"wp:term":[{"taxonomy":"product_brand","embeddable":true,"href":"https:\/\/safeecotour.com.br\/reservas\/wp-json\/wp\/v2\/product_brand?post=266"},{"taxonomy":"product_cat","embeddable":true,"href":"https:\/\/safeecotour.com.br\/reservas\/wp-json\/wp\/v2\/product_cat?post=266"},{"taxonomy":"product_tag","embeddable":true,"href":"https:\/\/safeecotour.com.br\/reservas\/wp-json\/wp\/v2\/product_tag?post=266"}],"curies":[{"name":"wp","href":"https:\/\/api.w.org\/{rel}","templated":true}]}}