{"id":318,"date":"2025-09-27T20:20:40","date_gmt":"2025-09-27T20:20:40","guid":{"rendered":"https:\/\/safeecotour.com.br\/reservas\/?post_type=product&#038;p=318"},"modified":"2026-03-04T18:41:03","modified_gmt":"2026-03-04T18:41:03","slug":"trilha-da-torre-47","status":"publish","type":"product","link":"https:\/\/safeecotour.com.br\/reservas\/produto\/trilha-da-torre-47\/","title":{"rendered":"Trilha da Torre 47"},"content":{"rendered":"<p data-start=\"88\" data-end=\"408\">Uma experi\u00eancia de aventura e conex\u00e3o com a natureza no <strong data-start=\"144\" data-end=\"194\">Parque Estadual Serra do Mar \u2013 N\u00facleo Bertioga<\/strong>! S\u00e3o cerca de 9 km (ida e volta) em meio \u00e0 exuberante Mata Atl\u00e2ntica, com paradas em pontos imperd\u00edveis: a <strong data-start=\"302\" data-end=\"327\">Cachoeira da Torre 47<\/strong>, o <strong data-start=\"331\" data-end=\"354\">Mirante da Torre 47<\/strong> e o <strong data-start=\"359\" data-end=\"370\">Pared\u00e3o<\/strong>, uma imensa rocha com queda d\u2019\u00e1gua.<\/p>\n<p data-start=\"410\" data-end=\"621\">Durante o percurso, voc\u00ea vai se encantar com a diversidade da fauna e flora, riachos cristalinos e paisagens que tornam essa trilha desafiadora e transformadora, perfeita para quem busca ecoturismo de verdade.<\/p>\n<div style=\"display: grid; grid-template-columns: 1fr 1fr; gap: 12px;\">\n<div style=\"background: #f9fafb; padding: 10px; border-radius: 6px;\">\n<h4 style=\"margin: 0 0 6px;\">\ud83d\udccd Informa\u00e7\u00f5es<\/h4>\n<p>Local: Parque Estadual Serra do Mar<br \/>\nExtens\u00e3o: 9 km (ida e volta)<br \/>\nIdade m\u00ednima: 5 anos<br \/>\nDificuldade: Moderada<\/p>\n<h3 style=\"margin-top: 14px;\">\ud83c\udf92 O que levar<\/h3>\n<ul style=\"padding-left: 20px;\">\n<li>Obrigat\u00f3rio: Cal\u00e7ado fechado<\/li>\n<li>Vestimenta: roupas leves e resistentes<\/li>\n<li>Mochila: \u00e1gua, lanche, repelente, roupa de banho, toalha, blusa, capa de chuva, rem\u00e9dios, celular carregado<\/li>\n<\/ul>\n<\/div>\n<div style=\"background: #f9fafb; padding: 10px; border-radius: 6px;\">\n<h4 style=\"margin: 0 0 6px;\">\u23f0 Hor\u00e1rios<\/h4>\n<p><b>S\u00e1bados<\/b><br \/>\nConcentra\u00e7\u00e3o: 8h30<br \/>\nSa\u00edda: 9h00<br \/>\nRetorno: 15h00<\/p>\n<p><b>Domingos<\/b><br \/>\nConcentra\u00e7\u00e3o: 8h30<br \/>\nSa\u00edda: 9h00<br \/>\nRetorno: 15h00<\/p>\n<p><span style=\"color: #993300;\"><strong>Para reservas de segunda-feira a sexta-feira<\/strong><\/span><br \/>\n<span style=\"color: #993300;\"><strong>consulte pelo whatsapp (13) 99667-4334<\/strong><\/span><\/p>\n<\/div>\n<\/div>\n","protected":false},"excerpt":{"rendered":"<p><strong>Incluso na reserva:<\/strong><br \/>\n\u2714\ufe0e\u00a0Guia Monitor Ambiental<br \/>\n\u2714\ufe0e Seguro Aventura<br \/>\n\u2714\ufe0e Cadastro nos Ingressos Parques<br \/>\n\u2714\ufe0e Banheiro e Ducha<\/p>\n<p><span style=\"color: #993300;\"><strong>Para reservas de segunda-feira a sexta-feira<\/strong><\/span><br \/>\n<span style=\"color: #993300;\"><strong>consulte pelo whatsapp (13) 99667-4334<\/strong><\/span><\/p>\n","protected":false},"featured_media":329,"template":"","meta":{"site-sidebar-layout":"default","site-content-layout":"","ast-site-content-layout":"default","site-content-style":"default","site-sidebar-style":"default","ast-global-header-display":"","ast-banner-title-visibility":"","ast-main-header-display":"","ast-hfb-above-header-display":"","ast-hfb-below-header-display":"","ast-hfb-mobile-header-display":"","site-post-title":"","ast-breadcrumbs-content":"","ast-featured-img":"","footer-sml-layout":"","theme-transparent-header-meta":"default","adv-header-id-meta":"","stick-header-meta":"","header-above-stick-meta":"","header-main-stick-meta":"","header-below-stick-meta":"","astra-migrate-meta-layouts":"set","ast-page-background-enabled":"default","ast-page-background-meta":{"desktop":{"background-color":"var(--ast-global-color-5)","background-image":"","background-repeat":"repeat","background-position":"center center","background-size":"auto","background-attachment":"scroll","background-type":"","background-media":"","overlay-type":"","overlay-color":"","overlay-opacity":"","overlay-gradient":""},"tablet":{"background-color":"","background-image":"","background-repeat":"repeat","background-position":"center center","background-size":"auto","background-attachment":"scroll","background-type":"","background-media":"","overlay-type":"","overlay-color":"","overlay-opacity":"","overlay-gradient":""},"mobile":{"background-color":"","background-image":"","background-repeat":"repeat","background-position":"center center","background-size":"auto","background-attachment":"scroll","background-type":"","background-media":"","overlay-type":"","overlay-color":"","overlay-opacity":"","overlay-gradient":""}},"ast-content-background-meta":{"desktop":{"background-color":"var(--ast-global-color-4)","background-image":"","background-repeat":"repeat","background-position":"center center","background-size":"auto","background-attachment":"scroll","background-type":"","background-media":"","overlay-type":"","overlay-color":"","overlay-opacity":"","overlay-gradient":""},"tablet":{"background-color":"var(--ast-global-color-4)","background-image":"","background-repeat":"repeat","background-position":"center center","background-size":"auto","background-attachment":"scroll","background-type":"","background-media":"","overlay-type":"","overlay-color":"","overlay-opacity":"","overlay-gradient":""},"mobile":{"background-color":"var(--ast-global-color-4)","background-image":"","background-repeat":"repeat","background-position":"center center","background-size":"auto","background-attachment":"scroll","background-type":"","background-media":"","overlay-type":"","overlay-color":"","overlay-opacity":"","overlay-gradient":""}}},"product_brand":[],"product_cat":[17],"product_tag":[],"class_list":{"0":"post-318","1":"product","2":"type-product","3":"status-publish","4":"has-post-thumbnail","6":"product_cat-verao-2026","7":"desktop-align-left","8":"tablet-align-left","9":"mobile-align-left","11":"first","12":"instock","13":"virtual","14":"sold-individually","15":"purchasable","16":"product-type-booking"},"_links":{"self":[{"href":"https:\/\/safeecotour.com.br\/reservas\/wp-json\/wp\/v2\/product\/318","targetHints":{"allow":["GET"]}}],"collection":[{"href":"https:\/\/safeecotour.com.br\/reservas\/wp-json\/wp\/v2\/product"}],"about":[{"href":"https:\/\/safeecotour.com.br\/reservas\/wp-json\/wp\/v2\/types\/product"}],"wp:featuredmedia":[{"embeddable":true,"href":"https:\/\/safeecotour.com.br\/reservas\/wp-json\/wp\/v2\/media\/329"}],"wp:attachment":[{"href":"https:\/\/safeecotour.com.br\/reservas\/wp-json\/wp\/v2\/media?parent=318"}],"wp:term":[{"taxonomy":"product_brand","embeddable":true,"href":"https:\/\/safeecotour.com.br\/reservas\/wp-json\/wp\/v2\/product_brand?post=318"},{"taxonomy":"product_cat","embeddable":true,"href":"https:\/\/safeecotour.com.br\/reservas\/wp-json\/wp\/v2\/product_cat?post=318"},{"taxonomy":"product_tag","embeddable":true,"href":"https:\/\/safeecotour.com.br\/reservas\/wp-json\/wp\/v2\/product_tag?post=318"}],"curies":[{"name":"wp","href":"https:\/\/api.w.org\/{rel}","templated":true}]}}