{"id":70,"date":"2025-09-19T23:15:18","date_gmt":"2025-09-19T23:15:18","guid":{"rendered":"https:\/\/safeecotour.com.br\/reservas\/?post_type=product&#038;p=70"},"modified":"2026-02-25T14:43:27","modified_gmt":"2026-02-25T14:43:27","slug":"trilha-do-guaratuba","status":"publish","type":"product","link":"https:\/\/safeecotour.com.br\/reservas\/produto\/trilha-do-guaratuba\/","title":{"rendered":"Trilha do Guaratuba em Finais de Semana"},"content":{"rendered":"<p>A Trilha da Cachoeira do Guaratuba, em Bertioga, \u00e9 um percurso tranquilo pela Mata Atl\u00e2ntica, passando pela restinga at\u00e9 a floresta densa.<br \/>\nNo caminho, voc\u00ea atravessa uma ponte pens\u00edl, conhece o Po\u00e7o do Lim\u00e3o e finaliza com um banho na cachoeira de \u00e1guas cristalinas.<\/p>\n<div style=\"display: grid; grid-template-columns: 1fr 1fr; gap: 12px;\">\n<div style=\"background: #f9fafb; padding: 10px; border-radius: 6px;\">\n<h4 style=\"margin: 0 0 6px;\">\ud83d\udccd Informa\u00e7\u00f5es<\/h4>\n<p>Local: Parque Estadual Restinga de Bertioga<br \/>\nExtens\u00e3o: 9 km (ida e volta)<br \/>\nIdade m\u00ednima recomendada: 5 anos<br \/>\nDificuldade: Moderada<\/p>\n<h3 style=\"margin-top: 14px;\">\ud83c\udf92 O que levar<\/h3>\n<ul style=\"padding-left: 20px;\">\n<li>Obrigat\u00f3rio: Cal\u00e7ado fechado<\/li>\n<li>Vestimenta: roupas leves e resistentes<\/li>\n<li>Mochila: \u00e1gua, lanche, repelente, roupa de banho, toalha, blusa, capa de chuva, rem\u00e9dios, celular carregado<\/li>\n<\/ul>\n<\/div>\n<div style=\"background: #f9fafb; padding: 10px; border-radius: 6px;\">\n<h4 style=\"margin: 0 0 6px;\">\u23f0 Hor\u00e1rios<\/h4>\n<p><b>S\u00e1bados<\/b><br \/>\nConcentra\u00e7\u00e3o: 7h45<br \/>\nSa\u00edda: 8h00<br \/>\nRetorno: 14h00<\/p>\n<p><b>Domingos<\/b><br \/>\nConcentra\u00e7\u00e3o: 8h45<br \/>\nSa\u00edda: 9h00<br \/>\nRetorno: 15h00<\/p>\n<p><span style=\"color: #993300;\"><strong>Para reservas de segunda-feira a sexta-feira<\/strong><\/span><br \/>\n<span style=\"color: #993300;\"><strong>consulte pelo whatsapp (13) 99667-4334<\/strong><\/span><\/p>\n<\/div>\n<\/div>\n","protected":false},"excerpt":{"rendered":"<p><strong>Incluso na reserva:<\/strong><br \/>\n<span style=\"color: #339966;\">\u2714\ufe0e<\/span>\u00a0Guia Monitor Ambiental<br \/>\n<span style=\"color: #339966;\">\u2714\ufe0e<\/span> Seguro Aventura<br \/>\n<span style=\"color: #339966;\">\u2714\ufe0e<\/span> Cadastro do ingresso<br \/>\n<span style=\"color: #339966;\">\u2714\ufe0e<\/span> Banheiros<\/p>\n<p><span style=\"color: #993300;\"><strong>Para reservas de segunda-feira a sexta-feira<\/strong><\/span><br \/>\n<span style=\"color: #993300;\"><strong>consulte pelo whatsapp (13) 99667-4334<\/strong><\/span><\/p>\n","protected":false},"featured_media":71,"template":"","meta":{"site-sidebar-layout":"default","site-content-layout":"","ast-site-content-layout":"default","site-content-style":"default","site-sidebar-style":"default","ast-global-header-display":"","ast-banner-title-visibility":"","ast-main-header-display":"","ast-hfb-above-header-display":"","ast-hfb-below-header-display":"","ast-hfb-mobile-header-display":"","site-post-title":"","ast-breadcrumbs-content":"","ast-featured-img":"","footer-sml-layout":"","theme-transparent-header-meta":"default","adv-header-id-meta":"","stick-header-meta":"","header-above-stick-meta":"","header-main-stick-meta":"","header-below-stick-meta":"","astra-migrate-meta-layouts":"set","ast-page-background-enabled":"default","ast-page-background-meta":{"desktop":{"background-color":"var(--ast-global-color-5)","background-image":"","background-repeat":"repeat","background-position":"center center","background-size":"auto","background-attachment":"scroll","background-type":"","background-media":"","overlay-type":"","overlay-color":"","overlay-opacity":"","overlay-gradient":""},"tablet":{"background-color":"","background-image":"","background-repeat":"repeat","background-position":"center center","background-size":"auto","background-attachment":"scroll","background-type":"","background-media":"","overlay-type":"","overlay-color":"","overlay-opacity":"","overlay-gradient":""},"mobile":{"background-color":"","background-image":"","background-repeat":"repeat","background-position":"center center","background-size":"auto","background-attachment":"scroll","background-type":"","background-media":"","overlay-type":"","overlay-color":"","overlay-opacity":"","overlay-gradient":""}},"ast-content-background-meta":{"desktop":{"background-color":"var(--ast-global-color-4)","background-image":"","background-repeat":"repeat","background-position":"center center","background-size":"auto","background-attachment":"scroll","background-type":"","background-media":"","overlay-type":"","overlay-color":"","overlay-opacity":"","overlay-gradient":""},"tablet":{"background-color":"var(--ast-global-color-4)","background-image":"","background-repeat":"repeat","background-position":"center center","background-size":"auto","background-attachment":"scroll","background-type":"","background-media":"","overlay-type":"","overlay-color":"","overlay-opacity":"","overlay-gradient":""},"mobile":{"background-color":"var(--ast-global-color-4)","background-image":"","background-repeat":"repeat","background-position":"center center","background-size":"auto","background-attachment":"scroll","background-type":"","background-media":"","overlay-type":"","overlay-color":"","overlay-opacity":"","overlay-gradient":""}}},"product_brand":[],"product_cat":[17],"product_tag":[],"class_list":{"0":"post-70","1":"product","2":"type-product","3":"status-publish","4":"has-post-thumbnail","6":"product_cat-verao-2026","7":"desktop-align-left","8":"tablet-align-left","9":"mobile-align-left","11":"first","12":"instock","13":"virtual","14":"sold-individually","15":"purchasable","16":"product-type-booking"},"_links":{"self":[{"href":"https:\/\/safeecotour.com.br\/reservas\/wp-json\/wp\/v2\/product\/70","targetHints":{"allow":["GET"]}}],"collection":[{"href":"https:\/\/safeecotour.com.br\/reservas\/wp-json\/wp\/v2\/product"}],"about":[{"href":"https:\/\/safeecotour.com.br\/reservas\/wp-json\/wp\/v2\/types\/product"}],"wp:featuredmedia":[{"embeddable":true,"href":"https:\/\/safeecotour.com.br\/reservas\/wp-json\/wp\/v2\/media\/71"}],"wp:attachment":[{"href":"https:\/\/safeecotour.com.br\/reservas\/wp-json\/wp\/v2\/media?parent=70"}],"wp:term":[{"taxonomy":"product_brand","embeddable":true,"href":"https:\/\/safeecotour.com.br\/reservas\/wp-json\/wp\/v2\/product_brand?post=70"},{"taxonomy":"product_cat","embeddable":true,"href":"https:\/\/safeecotour.com.br\/reservas\/wp-json\/wp\/v2\/product_cat?post=70"},{"taxonomy":"product_tag","embeddable":true,"href":"https:\/\/safeecotour.com.br\/reservas\/wp-json\/wp\/v2\/product_tag?post=70"}],"curies":[{"name":"wp","href":"https:\/\/api.w.org\/{rel}","templated":true}]}}